{"id":2,"date":"2023-02-23T07:56:31","date_gmt":"2023-02-23T10:56:31","guid":{"rendered":"https:\/\/professorpaulosouza.com.br\/?page_id=2"},"modified":"2024-12-31T16:34:43","modified_gmt":"2024-12-31T19:34:43","slug":"pagina-exemplo","status":"publish","type":"page","link":"https:\/\/professorpaulosouza.com.br\/index.php\/pagina-exemplo\/","title":{"rendered":"Sobre"},"content":{"rendered":"\n<p>Bem vindo! Sou um professor licenciado em matem\u00e1tica que mora em S\u00e3o Paulo (Brasil). Al\u00e9m de matem\u00e1tica, gosto de piano, xadrez, hist\u00f3ria, palavras cruzadas e jogos mentais em geral.<\/p>\n\n\n\n<p><a href=\"https:\/\/www.youtube.com\/@matematica_passo_a_passo\">Clique aqui<\/a> para visitar meu canal no YouTube.<\/p>\n\n\n\n<p><a href=\"https:\/\/www.chess.com\/blog\/estdx\">Clique aqui<\/a> para meu perfil no Chess.com. <a href=\"https:\/\/www.chess.com\/blog\/estdx\">Clique aqui<\/a> para acessar meu blog no Chess.com (requer conta e login no site); l\u00e1, eu posto artigos sobre xadrez somente, mas esses artigos tamb\u00e9m s\u00e3o publicados nesta minha p\u00e1gina pessoal, assim como artigos sobre outros assuntos.<\/p>\n\n\n\n<figure class=\"wp-block-image size-full is-resized\"><img loading=\"lazy\" decoding=\"async\" src=\"https:\/\/professorpaulosouza.com.br\/wp-content\/uploads\/2024\/03\/image-22.png\" alt=\"\" class=\"wp-image-957\" width=\"444\" height=\"443\" srcset=\"https:\/\/professorpaulosouza.com.br\/wp-content\/uploads\/2024\/03\/image-22.png 619w, https:\/\/professorpaulosouza.com.br\/wp-content\/uploads\/2024\/03\/image-22-300x300.png 300w, https:\/\/professorpaulosouza.com.br\/wp-content\/uploads\/2024\/03\/image-22-150x150.png 150w\" sizes=\"auto, (max-width: 444px) 100vw, 444px\" \/><figcaption class=\"wp-element-caption\">\ud83d\udc15<\/figcaption><\/figure>\n","protected":false},"excerpt":{"rendered":"<p>Bem vindo! Sou um professor licenciado em matem\u00e1tica que mora em S\u00e3o Paulo (Brasil). Al\u00e9m de matem\u00e1tica, gosto de piano, xadrez, hist\u00f3ria, palavras cruzadas e jogos mentais em geral. Clique aqui para visitar meu canal no YouTube. Clique aqui para meu perfil no Chess.com. Clique aqui para acessar meu blog no Chess.com (requer conta e&hellip; <a class=\"more-link\" href=\"https:\/\/professorpaulosouza.com.br\/index.php\/pagina-exemplo\/\">Continue reading <span class=\"screen-reader-text\">Sobre<\/span><\/a><\/p>\n","protected":false},"author":1,"featured_media":0,"parent":0,"menu_order":0,"comment_status":"closed","ping_status":"open","template":"","meta":{"footnotes":""},"class_list":["post-2","page","type-page","status-publish","hentry","entry"],"_links":{"self":[{"href":"https:\/\/professorpaulosouza.com.br\/index.php\/wp-json\/wp\/v2\/pages\/2","targetHints":{"allow":["GET"]}}],"collection":[{"href":"https:\/\/professorpaulosouza.com.br\/index.php\/wp-json\/wp\/v2\/pages"}],"about":[{"href":"https:\/\/professorpaulosouza.com.br\/index.php\/wp-json\/wp\/v2\/types\/page"}],"author":[{"embeddable":true,"href":"https:\/\/professorpaulosouza.com.br\/index.php\/wp-json\/wp\/v2\/users\/1"}],"replies":[{"embeddable":true,"href":"https:\/\/professorpaulosouza.com.br\/index.php\/wp-json\/wp\/v2\/comments?post=2"}],"version-history":[{"count":9,"href":"https:\/\/professorpaulosouza.com.br\/index.php\/wp-json\/wp\/v2\/pages\/2\/revisions"}],"predecessor-version":[{"id":1133,"href":"https:\/\/professorpaulosouza.com.br\/index.php\/wp-json\/wp\/v2\/pages\/2\/revisions\/1133"}],"wp:attachment":[{"href":"https:\/\/professorpaulosouza.com.br\/index.php\/wp-json\/wp\/v2\/media?parent=2"}],"curies":[{"name":"wp","href":"https:\/\/api.w.org\/{rel}","templated":true}]}}